{"id":66,"date":"2022-05-23T18:31:01","date_gmt":"2022-05-23T21:31:01","guid":{"rendered":"http:\/\/localhost\/subsole\/?page_id=66"},"modified":"2026-02-26T16:07:11","modified_gmt":"2026-02-26T19:07:11","slug":"nosotros","status":"publish","type":"page","link":"https:\/\/www-qa.subsole.cl\/es\/nosotros\/","title":{"rendered":"Nosotros"},"content":{"rendered":"","protected":false},"excerpt":{"rendered":"","protected":false},"author":1,"featured_media":0,"parent":0,"menu_order":5,"comment_status":"closed","ping_status":"closed","template":"pag-nosotros.php","meta":{"_acf_changed":false,"footnotes":""},"class_list":["post-66","page","type-page","status-publish","hentry"],"translation":{"provider":"WPGlobus","version":"3.0.2","language":"es","enabled_languages":["en","es"],"languages":{"en":{"title":true,"content":false,"excerpt":false},"es":{"title":true,"content":false,"excerpt":false}}},"acf":[],"yoast_head":"<!-- This site is optimized with the Yoast SEO plugin v27.3 - https:\/\/yoast.com\/product\/yoast-seo-wordpress\/ -->\n<title>Nosotros &#8212; Subsole<\/title>\n<meta name=\"description\" content=\"Con sede en Santiago, Subsole es uno de las exportadoras de frutas m\u00e1s grandes e ic\u00f3nicas de Chile, y el mayor exportador chileno de uvas de mesa para los mercados globales. Subsole tambi\u00e9n tiene importantes programas en c\u00edtricos, aguacates, kiwis, cerezas y granadas.\" \/>\n<meta name=\"robots\" content=\"noindex, follow, max-snippet:-1, max-image-preview:large, max-video-preview:-1\" \/>\n<meta property=\"og:locale\" content=\"es_ES\" \/>\n<meta property=\"og:type\" content=\"article\" \/>\n<meta property=\"og:title\" content=\"Nosotros &#8212; Subsole\" \/>\n<meta property=\"og:description\" content=\"Con sede en Santiago, Subsole es uno de las exportadoras de frutas m\u00e1s grandes e ic\u00f3nicas de Chile, y el mayor exportador chileno de uvas de mesa para los mercados globales. Subsole tambi\u00e9n tiene importantes programas en c\u00edtricos, aguacates, kiwis, cerezas y granadas.\" \/>\n<meta property=\"og:url\" content=\"https:\/\/www-qa.subsole.cl\/nosotros\/\" \/>\n<meta property=\"og:site_name\" content=\"Subsole\" \/>\n<meta property=\"article:modified_time\" content=\"2026-02-26T19:07:11+00:00\" \/>\n<meta name=\"twitter:card\" content=\"summary_large_image\" \/>\n<script type=\"application\/ld+json\" class=\"yoast-schema-graph\">{\"@context\":\"https:\\\/\\\/schema.org\",\"@graph\":[{\"@type\":\"WebPage\",\"@id\":\"https:\\\/\\\/www-qa.subsole.cl\\\/nosotros\\\/\",\"url\":\"https:\\\/\\\/www-qa.subsole.cl\\\/nosotros\\\/\",\"name\":\"Nosotros &#8212; Subsole\",\"isPartOf\":{\"@id\":\"https:\\\/\\\/www-qa.subsole.cl\\\/#website\"},\"datePublished\":\"2022-05-23T21:31:01+00:00\",\"dateModified\":\"2026-02-26T19:07:11+00:00\",\"description\":\"Headquartered in Santiago, Subsole is one of Chile\u2019s largest and most iconic fruit exporters and the largest Chilean exporter of table grapes to global markets. Subsole also has significant programs in citrus, avocados, kiwis, cherries and pomegranates.\",\"breadcrumb\":{\"@id\":\"https:\\\/\\\/www-qa.subsole.cl\\\/nosotros\\\/#breadcrumb\"},\"inLanguage\":\"es\",\"potentialAction\":[{\"@type\":\"ReadAction\",\"target\":[\"https:\\\/\\\/www-qa.subsole.cl\\\/nosotros\\\/\"]}]},{\"@type\":\"BreadcrumbList\",\"@id\":\"https:\\\/\\\/www-qa.subsole.cl\\\/nosotros\\\/#breadcrumb\",\"itemListElement\":[{\"@type\":\"ListItem\",\"position\":1,\"name\":\"Portada\",\"item\":\"https:\\\/\\\/www-qa.subsole.cl\\\/\"},{\"@type\":\"ListItem\",\"position\":2,\"name\":\"Nosotros\"}]},{\"@type\":\"WebSite\",\"@id\":\"https:\\\/\\\/www-qa.subsole.cl\\\/#website\",\"url\":\"https:\\\/\\\/www-qa.subsole.cl\\\/\",\"name\":\"Subsole\",\"description\":\"Exportando la agricultura del futuro\",\"publisher\":{\"@id\":\"https:\\\/\\\/www-qa.subsole.cl\\\/#organization\"},\"potentialAction\":[{\"@type\":\"SearchAction\",\"target\":{\"@type\":\"EntryPoint\",\"urlTemplate\":\"https:\\\/\\\/www-qa.subsole.cl\\\/?s={search_term_string}\"},\"query-input\":{\"@type\":\"PropertyValueSpecification\",\"valueRequired\":true,\"valueName\":\"search_term_string\"}}],\"inLanguage\":\"es\"},{\"@type\":\"Organization\",\"@id\":\"https:\\\/\\\/www-qa.subsole.cl\\\/#organization\",\"name\":\"Subsole\",\"url\":\"https:\\\/\\\/www-qa.subsole.cl\\\/\",\"logo\":{\"@type\":\"ImageObject\",\"inLanguage\":\"es\",\"@id\":\"https:\\\/\\\/www-qa.subsole.cl\\\/#\\\/schema\\\/logo\\\/image\\\/\",\"url\":\"https:\\\/\\\/www-qa.subsole.cl\\\/subsole\\\/wp-content\\\/uploads\\\/2022\\\/06\\\/logo-subsole.png\",\"contentUrl\":\"https:\\\/\\\/www-qa.subsole.cl\\\/subsole\\\/wp-content\\\/uploads\\\/2022\\\/06\\\/logo-subsole.png\",\"width\":302,\"height\":54,\"caption\":\"Subsole\"},\"image\":{\"@id\":\"https:\\\/\\\/www-qa.subsole.cl\\\/#\\\/schema\\\/logo\\\/image\\\/\"}}]}<\/script>\n<!-- \/ Yoast SEO plugin. -->","yoast_head_json":{"title":"Nosotros &#8212; Subsole","description":"Con sede en Santiago, Subsole es uno de las exportadoras de frutas m\u00e1s grandes e ic\u00f3nicas de Chile, y el mayor exportador chileno de uvas de mesa para los mercados globales. Subsole tambi\u00e9n tiene importantes programas en c\u00edtricos, aguacates, kiwis, cerezas y granadas.","robots":{"index":"noindex","follow":"follow","max-snippet":"max-snippet:-1","max-image-preview":"max-image-preview:large","max-video-preview":"max-video-preview:-1"},"og_locale":"es_ES","og_type":"article","og_title":"Nosotros &#8212; Subsole","og_description":"Con sede en Santiago, Subsole es uno de las exportadoras de frutas m\u00e1s grandes e ic\u00f3nicas de Chile, y el mayor exportador chileno de uvas de mesa para los mercados globales. Subsole tambi\u00e9n tiene importantes programas en c\u00edtricos, aguacates, kiwis, cerezas y granadas.","og_url":"https:\/\/www-qa.subsole.cl\/nosotros\/","og_site_name":"Subsole","article_modified_time":"2026-02-26T19:07:11+00:00","twitter_card":"summary_large_image","schema":{"@context":"https:\/\/schema.org","@graph":[{"@type":"WebPage","@id":"https:\/\/www-qa.subsole.cl\/nosotros\/","url":"https:\/\/www-qa.subsole.cl\/nosotros\/","name":"Nosotros &#8212; Subsole","isPartOf":{"@id":"https:\/\/www-qa.subsole.cl\/#website"},"datePublished":"2022-05-23T21:31:01+00:00","dateModified":"2026-02-26T19:07:11+00:00","description":"Headquartered in Santiago, Subsole is one of Chile\u2019s largest and most iconic fruit exporters and the largest Chilean exporter of table grapes to global markets. Subsole also has significant programs in citrus, avocados, kiwis, cherries and pomegranates.","breadcrumb":{"@id":"https:\/\/www-qa.subsole.cl\/nosotros\/#breadcrumb"},"inLanguage":"es","potentialAction":[{"@type":"ReadAction","target":["https:\/\/www-qa.subsole.cl\/nosotros\/"]}]},{"@type":"BreadcrumbList","@id":"https:\/\/www-qa.subsole.cl\/nosotros\/#breadcrumb","itemListElement":[{"@type":"ListItem","position":1,"name":"Portada","item":"https:\/\/www-qa.subsole.cl\/"},{"@type":"ListItem","position":2,"name":"Nosotros"}]},{"@type":"WebSite","@id":"https:\/\/www-qa.subsole.cl\/#website","url":"https:\/\/www-qa.subsole.cl\/","name":"Subsole","description":"Exportando la agricultura del futuro","publisher":{"@id":"https:\/\/www-qa.subsole.cl\/#organization"},"potentialAction":[{"@type":"SearchAction","target":{"@type":"EntryPoint","urlTemplate":"https:\/\/www-qa.subsole.cl\/?s={search_term_string}"},"query-input":{"@type":"PropertyValueSpecification","valueRequired":true,"valueName":"search_term_string"}}],"inLanguage":"es"},{"@type":"Organization","@id":"https:\/\/www-qa.subsole.cl\/#organization","name":"Subsole","url":"https:\/\/www-qa.subsole.cl\/","logo":{"@type":"ImageObject","inLanguage":"es","@id":"https:\/\/www-qa.subsole.cl\/#\/schema\/logo\/image\/","url":"https:\/\/www-qa.subsole.cl\/subsole\/wp-content\/uploads\/2022\/06\/logo-subsole.png","contentUrl":"https:\/\/www-qa.subsole.cl\/subsole\/wp-content\/uploads\/2022\/06\/logo-subsole.png","width":302,"height":54,"caption":"Subsole"},"image":{"@id":"https:\/\/www-qa.subsole.cl\/#\/schema\/logo\/image\/"}}]}},"_links":{"self":[{"href":"https:\/\/www-qa.subsole.cl\/es\/wp-json\/wp\/v2\/pages\/66","targetHints":{"allow":["GET"]}}],"collection":[{"href":"https:\/\/www-qa.subsole.cl\/es\/wp-json\/wp\/v2\/pages"}],"about":[{"href":"https:\/\/www-qa.subsole.cl\/es\/wp-json\/wp\/v2\/types\/page"}],"author":[{"embeddable":true,"href":"https:\/\/www-qa.subsole.cl\/es\/wp-json\/wp\/v2\/users\/1"}],"replies":[{"embeddable":true,"href":"https:\/\/www-qa.subsole.cl\/es\/wp-json\/wp\/v2\/comments?post=66"}],"version-history":[{"count":235,"href":"https:\/\/www-qa.subsole.cl\/es\/wp-json\/wp\/v2\/pages\/66\/revisions"}],"predecessor-version":[{"id":6778,"href":"https:\/\/www-qa.subsole.cl\/es\/wp-json\/wp\/v2\/pages\/66\/revisions\/6778"}],"wp:attachment":[{"href":"https:\/\/www-qa.subsole.cl\/es\/wp-json\/wp\/v2\/media?parent=66"}],"curies":[{"name":"wp","href":"https:\/\/api.w.org\/{rel}","templated":true}]}}