{"id":6104,"date":"2024-01-12T11:35:54","date_gmt":"2024-01-12T14:35:54","guid":{"rendered":"https:\/\/www-qa.subsole.cl\/?page_id=6104"},"modified":"2024-02-07T17:37:00","modified_gmt":"2024-02-07T20:37:00","slug":"politicas-de-privacidad","status":"publish","type":"page","link":"https:\/\/www-qa.subsole.cl\/es\/politicas-de-privacidad\/","title":{"rendered":"Pol\u00edtica de privacidad"},"content":{"rendered":"<h1>POL\u00cdTICAS DE PRIVACIDAD<\/h1>\n<p>Este documento detalla las pol\u00edticas de privacidad adoptadas por Empresas Subsole y sus filiales\/subsidiarias, de ahora en adelante Subsole, en lo referente a la recolecci\u00f3n, uso y divulgaci\u00f3n de datos personales de los usuarios al hacer uso de los servicios ofrecidos en este sitio web.<\/p>\n<p>En Subsole priorizamos la seguridad de la informaci\u00f3n de los usuarios. Al acceder y utilizar nuestros servicios, usted consiente en la recopilaci\u00f3n y uso de su informaci\u00f3n de acuerdo con las directrices establecidas en esta pol\u00edtica de privacidad. Es importante se\u00f1alar que este documento est\u00e1 sujeto a cambios y actualizaciones; por lo tanto, recomendamos su revisi\u00f3n peri\u00f3dica para mantenerse al tanto de cualquier modificaci\u00f3n.<\/p>\n<h3><\/h3>\n<p>&nbsp;<\/p>\n<h3>INFORMACI\u00d3N RECOPILADA<\/h3>\n<ul>\n<li>a) Datos Personales\n<ul>\n<li>Al utilizar nuestro formulario de contacto, le pediremos que nos proporcione informaci\u00f3n personal como: nombre, email, mensaje y tel\u00e9fono. El prop\u00f3sito de esta informaci\u00f3n es permitir una respuesta y eventual contacto, sin embargo Subsole se reserva el derecho de respuesta y no est\u00e1 obligada a cumplir con un nivel de servicio en esta materia.<\/li>\n<\/ul>\n<\/li>\n<li>b) Datos de uso\n<ul>\n<li>Tambi\u00e9n recopilamos informaci\u00f3n sobre la forma en que usted accede y utiliza nuestro sitio web. Esta informaci\u00f3n puede incluir datos como direcci\u00f3n del protocolo de internet de su ordenador, tipo de navegador, versi\u00f3n del navegador, tipo de dispositivo, p\u00e1ginas visitadas, datos demogr\u00e1ficos, hora y duraci\u00f3n de la visita, y datos de Google Analytics.<\/li>\n<\/ul>\n<\/li>\n<li>c) Cookies\n<ul>\n<li>Las cookies son unos peque\u00f1os archivos de texto\u00a0almacenados en su dispositivo que son creados por los sitios web que usted utiliza. Utilizamos Cookies y tecnolog\u00edas de almacenamiento similares para mejorar la experiencia de navegaci\u00f3n y medir el uso de nuestros servicios con el fin de hacer mejoras que agreguen valor a los visitantes. Las cookies utilizadas en www.subsole.com son:\n<ul>\n<li>a) Google Universal Analytics: Permite determinar la cantidad de visitantes asignando identificadores al azar a cada usuario.<\/li>\n<li>b) WpGlobus Language: Permite la funcionalidad de sitio web multilenguaje y facilita el despliegue del idioma en concordancia al idioma del navegador del visitante.<\/li>\n<\/ul>\n<\/li>\n<\/ul>\n<\/li>\n<\/ul>\n<h3><\/h3>\n<p>&nbsp;<\/p>\n<h3><strong>USO DE DATOS<\/strong><\/h3>\n<p>La informaci\u00f3n recopilada en www.subsole.com tiene como objetivo:<\/p>\n<ul>\n<li>Realizar un seguimiento de usuarios y su actividad en nuestro sitio web.<\/li>\n<li>Analizar la actividad en nuestro sitio web.<\/li>\n<li>Mejorar nuestros servicios.<\/li>\n<li>Controlar el uso de nuestra p\u00e1gina web.<\/li>\n<li>Permitirle participar en funciones interactivas en nuestro sitio web cuando desee hacerlo.<\/li>\n<li>Prestar asistencia a nuestros usuarios.<\/li>\n<\/ul>\n<p>&nbsp;<\/p>\n<h3>ENLACES A OTROS SITIOS<\/h3>\n<p>En nuestro sitio web existe un enlace a nuestro portal web Intranet el que requiere de autenticaci\u00f3n para hacer uso de sus servicios, los que est\u00e1n vinculados a contratos y\/o acuerdos con nuestros proveedores, productores y equipo laboral. Subsole no almacena ning\u00fan dato ni utiliza Cookies de usuarios por simple visita a este portal web.<\/p>\n<p>Sin embargo por favor tenga presente que usted tambi\u00e9n podr\u00eda encontrar enlaces a p\u00e1ginas web no operadas por nosotros. No nos hacemos responsables por el contenido, pol\u00edticas o uso de datos de sitios o servicios de terceros, por lo que recomendamos revisar la pol\u00edtica de privacidad de cualquier sitio web antes de hacer uso de este.<\/p>\n<p>&nbsp;<\/p>\n<h3>SEGURIDAD DE LOS DATOS<\/h3>\n<p>La ciberseguridad es importante para nosotros, es por ello que utilizamos los mejores medios para proteger los datos utilizados en nuestro sitio web, sin embargo le recordamos que no existe ning\u00fan medio de transmisi\u00f3n de datos o almacenamiento de los mismos que sea 100% seguro.<\/p>\n<p>Los datos obtenidos en este sitio web no se vender\u00e1n, distribuir\u00e1n, ni ceder\u00e1n a terceros sin su consentimiento. Excepcionalmente podr\u00e1n ser entregados a terceros en caso de ser esto requerido por una orden judicial.<\/p>\n<p>El usuario siempre tendr\u00e1 derecho a requerir informaci\u00f3n de sus datos personales registrados y disponer la rectificaci\u00f3n, eliminaci\u00f3n y\/o cancelaci\u00f3n de estos datos cuando lo estime conveniente, en conformidad a la Ley N\u00b0 19.628 sobre Protecci\u00f3n de la Vida Privada en Chile.<\/p>\n<p>&nbsp;<\/p>\n<h3>CAMBIOS EN ESTA POL\u00cdTICA DE PRIVACIDAD<\/h3>\n<p>Subsole se reserva el derecho a hacer cambios en los t\u00e9rminos de su aviso de privacidad. Los cambios realizados, ser\u00e1n notificados a trav\u00e9s de nuestro sitio web. Recomendamos visitar nuestras pol\u00edticas peri\u00f3dicamente para estar al tanto de las nuevas actualizaciones.<\/p>\n<p>&nbsp;<\/p>\n<h3>CONTACTO<\/h3>\n<p>Si tiene alguna pregunta sobre este documento o alguno de nuestros servicios, no dude en contactarnos utilizar nuestra secci\u00f3n de Contacto.<\/p>\n","protected":false},"excerpt":{"rendered":"<p>POL\u00cdTICAS DE PRIVACIDAD Este documento detalla las pol\u00edticas de privacidad adoptadas por Empresas Subsole y sus filiales\/subsidiarias, de ahora en adelante Subsole, en lo referente a la recolecci\u00f3n, uso y divulgaci\u00f3n de datos personales de los usuarios al hacer uso de los servicios ofrecidos en este sitio web. En Subsole priorizamos la seguridad de la [&hellip;]<\/p>\n","protected":false},"author":1,"featured_media":0,"parent":0,"menu_order":0,"comment_status":"closed","ping_status":"closed","template":"pag-politica.php","meta":{"_acf_changed":false,"footnotes":""},"class_list":["post-6104","page","type-page","status-publish","hentry"],"translation":{"provider":"WPGlobus","version":"3.0.2","language":"es","enabled_languages":["en","es"],"languages":{"en":{"title":true,"content":true,"excerpt":false},"es":{"title":true,"content":true,"excerpt":false}}},"acf":[],"yoast_head":"<!-- This site is optimized with the Yoast SEO plugin v27.3 - https:\/\/yoast.com\/product\/yoast-seo-wordpress\/ -->\n<title>Pol\u00edtica de privacidad &#8212; Subsole<\/title>\n<meta name=\"robots\" content=\"noindex, follow, max-snippet:-1, max-image-preview:large, max-video-preview:-1\" \/>\n<meta property=\"og:locale\" content=\"es_ES\" \/>\n<meta property=\"og:type\" content=\"article\" \/>\n<meta property=\"og:title\" content=\"Pol\u00edtica de privacidad &#8212; Subsole\" \/>\n<meta property=\"og:url\" content=\"https:\/\/www-qa.subsole.cl\/politicas-de-privacidad\/\" \/>\n<meta property=\"og:site_name\" content=\"Subsole\" \/>\n<meta property=\"article:modified_time\" content=\"2024-02-07T20:37:00+00:00\" \/>\n<meta name=\"twitter:card\" content=\"summary_large_image\" \/>\n<meta name=\"twitter:label1\" content=\"Tiempo de lectura\" \/>\n\t<meta name=\"twitter:data1\" content=\"7 minutos\" \/>\n<script type=\"application\/ld+json\" class=\"yoast-schema-graph\">{\"@context\":\"https:\\\/\\\/schema.org\",\"@graph\":[{\"@type\":\"WebPage\",\"@id\":\"https:\\\/\\\/www-qa.subsole.cl\\\/politicas-de-privacidad\\\/\",\"url\":\"https:\\\/\\\/www-qa.subsole.cl\\\/politicas-de-privacidad\\\/\",\"name\":\"Pol\u00edtica de privacidad &#8212; Subsole\",\"isPartOf\":{\"@id\":\"https:\\\/\\\/www-qa.subsole.cl\\\/#website\"},\"datePublished\":\"2024-01-12T14:35:54+00:00\",\"dateModified\":\"2024-02-07T20:37:00+00:00\",\"breadcrumb\":{\"@id\":\"https:\\\/\\\/www-qa.subsole.cl\\\/politicas-de-privacidad\\\/#breadcrumb\"},\"inLanguage\":\"es\",\"potentialAction\":[{\"@type\":\"ReadAction\",\"target\":[\"https:\\\/\\\/www-qa.subsole.cl\\\/politicas-de-privacidad\\\/\"]}]},{\"@type\":\"BreadcrumbList\",\"@id\":\"https:\\\/\\\/www-qa.subsole.cl\\\/politicas-de-privacidad\\\/#breadcrumb\",\"itemListElement\":[{\"@type\":\"ListItem\",\"position\":1,\"name\":\"Portada\",\"item\":\"https:\\\/\\\/www-qa.subsole.cl\\\/\"},{\"@type\":\"ListItem\",\"position\":2,\"name\":\"Pol\u00edtica de privacidad\"}]},{\"@type\":\"WebSite\",\"@id\":\"https:\\\/\\\/www-qa.subsole.cl\\\/#website\",\"url\":\"https:\\\/\\\/www-qa.subsole.cl\\\/\",\"name\":\"Subsole\",\"description\":\"Exportando la agricultura del futuro\",\"publisher\":{\"@id\":\"https:\\\/\\\/www-qa.subsole.cl\\\/#organization\"},\"potentialAction\":[{\"@type\":\"SearchAction\",\"target\":{\"@type\":\"EntryPoint\",\"urlTemplate\":\"https:\\\/\\\/www-qa.subsole.cl\\\/?s={search_term_string}\"},\"query-input\":{\"@type\":\"PropertyValueSpecification\",\"valueRequired\":true,\"valueName\":\"search_term_string\"}}],\"inLanguage\":\"es\"},{\"@type\":\"Organization\",\"@id\":\"https:\\\/\\\/www-qa.subsole.cl\\\/#organization\",\"name\":\"Subsole\",\"url\":\"https:\\\/\\\/www-qa.subsole.cl\\\/\",\"logo\":{\"@type\":\"ImageObject\",\"inLanguage\":\"es\",\"@id\":\"https:\\\/\\\/www-qa.subsole.cl\\\/#\\\/schema\\\/logo\\\/image\\\/\",\"url\":\"https:\\\/\\\/www-qa.subsole.cl\\\/subsole\\\/wp-content\\\/uploads\\\/2022\\\/06\\\/logo-subsole.png\",\"contentUrl\":\"https:\\\/\\\/www-qa.subsole.cl\\\/subsole\\\/wp-content\\\/uploads\\\/2022\\\/06\\\/logo-subsole.png\",\"width\":302,\"height\":54,\"caption\":\"Subsole\"},\"image\":{\"@id\":\"https:\\\/\\\/www-qa.subsole.cl\\\/#\\\/schema\\\/logo\\\/image\\\/\"}}]}<\/script>\n<!-- \/ Yoast SEO plugin. -->","yoast_head_json":{"title":"Pol\u00edtica de privacidad &#8212; Subsole","robots":{"index":"noindex","follow":"follow","max-snippet":"max-snippet:-1","max-image-preview":"max-image-preview:large","max-video-preview":"max-video-preview:-1"},"og_locale":"es_ES","og_type":"article","og_title":"Pol\u00edtica de privacidad &#8212; Subsole","og_url":"https:\/\/www-qa.subsole.cl\/politicas-de-privacidad\/","og_site_name":"Subsole","article_modified_time":"2024-02-07T20:37:00+00:00","twitter_card":"summary_large_image","twitter_misc":{"Tiempo de lectura":"7 minutos"},"schema":{"@context":"https:\/\/schema.org","@graph":[{"@type":"WebPage","@id":"https:\/\/www-qa.subsole.cl\/politicas-de-privacidad\/","url":"https:\/\/www-qa.subsole.cl\/politicas-de-privacidad\/","name":"Pol\u00edtica de privacidad &#8212; Subsole","isPartOf":{"@id":"https:\/\/www-qa.subsole.cl\/#website"},"datePublished":"2024-01-12T14:35:54+00:00","dateModified":"2024-02-07T20:37:00+00:00","breadcrumb":{"@id":"https:\/\/www-qa.subsole.cl\/politicas-de-privacidad\/#breadcrumb"},"inLanguage":"es","potentialAction":[{"@type":"ReadAction","target":["https:\/\/www-qa.subsole.cl\/politicas-de-privacidad\/"]}]},{"@type":"BreadcrumbList","@id":"https:\/\/www-qa.subsole.cl\/politicas-de-privacidad\/#breadcrumb","itemListElement":[{"@type":"ListItem","position":1,"name":"Portada","item":"https:\/\/www-qa.subsole.cl\/"},{"@type":"ListItem","position":2,"name":"Pol\u00edtica de privacidad"}]},{"@type":"WebSite","@id":"https:\/\/www-qa.subsole.cl\/#website","url":"https:\/\/www-qa.subsole.cl\/","name":"Subsole","description":"Exportando la agricultura del futuro","publisher":{"@id":"https:\/\/www-qa.subsole.cl\/#organization"},"potentialAction":[{"@type":"SearchAction","target":{"@type":"EntryPoint","urlTemplate":"https:\/\/www-qa.subsole.cl\/?s={search_term_string}"},"query-input":{"@type":"PropertyValueSpecification","valueRequired":true,"valueName":"search_term_string"}}],"inLanguage":"es"},{"@type":"Organization","@id":"https:\/\/www-qa.subsole.cl\/#organization","name":"Subsole","url":"https:\/\/www-qa.subsole.cl\/","logo":{"@type":"ImageObject","inLanguage":"es","@id":"https:\/\/www-qa.subsole.cl\/#\/schema\/logo\/image\/","url":"https:\/\/www-qa.subsole.cl\/subsole\/wp-content\/uploads\/2022\/06\/logo-subsole.png","contentUrl":"https:\/\/www-qa.subsole.cl\/subsole\/wp-content\/uploads\/2022\/06\/logo-subsole.png","width":302,"height":54,"caption":"Subsole"},"image":{"@id":"https:\/\/www-qa.subsole.cl\/#\/schema\/logo\/image\/"}}]}},"_links":{"self":[{"href":"https:\/\/www-qa.subsole.cl\/es\/wp-json\/wp\/v2\/pages\/6104","targetHints":{"allow":["GET"]}}],"collection":[{"href":"https:\/\/www-qa.subsole.cl\/es\/wp-json\/wp\/v2\/pages"}],"about":[{"href":"https:\/\/www-qa.subsole.cl\/es\/wp-json\/wp\/v2\/types\/page"}],"author":[{"embeddable":true,"href":"https:\/\/www-qa.subsole.cl\/es\/wp-json\/wp\/v2\/users\/1"}],"replies":[{"embeddable":true,"href":"https:\/\/www-qa.subsole.cl\/es\/wp-json\/wp\/v2\/comments?post=6104"}],"version-history":[{"count":22,"href":"https:\/\/www-qa.subsole.cl\/es\/wp-json\/wp\/v2\/pages\/6104\/revisions"}],"predecessor-version":[{"id":6160,"href":"https:\/\/www-qa.subsole.cl\/es\/wp-json\/wp\/v2\/pages\/6104\/revisions\/6160"}],"wp:attachment":[{"href":"https:\/\/www-qa.subsole.cl\/es\/wp-json\/wp\/v2\/media?parent=6104"}],"curies":[{"name":"wp","href":"https:\/\/api.w.org\/{rel}","templated":true}]}}