{"id":5,"date":"2022-01-10T09:26:44","date_gmt":"2022-01-10T12:26:44","guid":{"rendered":"http:\/\/localhost\/subsole\/?page_id=5"},"modified":"2026-03-30T18:42:14","modified_gmt":"2026-03-30T21:42:14","slug":"subsole-agriculture-for-the-future","status":"publish","type":"page","link":"https:\/\/www-qa.subsole.cl\/es\/","title":{"rendered":"Subsole &#8211; A Frutura Company &#8211; The Future of Fruit\u00ae"},"content":{"rendered":"","protected":false},"excerpt":{"rendered":"","protected":false},"author":1,"featured_media":0,"parent":0,"menu_order":2,"comment_status":"closed","ping_status":"closed","template":"pag-inicio.php","meta":{"_acf_changed":false,"footnotes":""},"class_list":["post-5","page","type-page","status-publish","hentry"],"translation":{"provider":"WPGlobus","version":"3.0.2","language":"es","enabled_languages":["en","es"],"languages":{"en":{"title":true,"content":false,"excerpt":false},"es":{"title":false,"content":false,"excerpt":false}}},"acf":[],"yoast_head":"<!-- This site is optimized with the Yoast SEO plugin v27.3 - https:\/\/yoast.com\/product\/yoast-seo-wordpress\/ -->\n<title>Subsole - A Frutura Company - The Future of Fruit\u00ae &#8212; Subsole<\/title>\n<meta name=\"description\" content=\"Con sede en Santiago, Subsole es uno de las exportadoras de frutas m\u00e1s grandes e ic\u00f3nicas de Chile, y el mayor exportador chileno de uvas de mesa para los mercados globales. Subsole tambi\u00e9n tiene importantes programas en c\u00edtricos, aguacates, kiwis, cerezas y granadas.\" \/>\n<meta name=\"robots\" content=\"noindex, follow, max-snippet:-1, max-image-preview:large, max-video-preview:-1\" \/>\n<meta property=\"og:locale\" content=\"es_ES\" \/>\n<meta property=\"og:type\" content=\"article\" \/>\n<meta property=\"og:title\" content=\"Subsole - A Frutura Company - The Future of Fruit\u00ae &#8212; Subsole\" \/>\n<meta property=\"og:description\" content=\"Con sede en Santiago, Subsole es uno de las exportadoras de frutas m\u00e1s grandes e ic\u00f3nicas de Chile, y el mayor exportador chileno de uvas de mesa para los mercados globales. Subsole tambi\u00e9n tiene importantes programas en c\u00edtricos, aguacates, kiwis, cerezas y granadas.\" \/>\n<meta property=\"og:url\" content=\"https:\/\/www-qa.subsole.cl\/\" \/>\n<meta property=\"og:site_name\" content=\"Subsole\" \/>\n<meta property=\"article:modified_time\" content=\"2026-03-30T21:42:14+00:00\" \/>\n<meta property=\"og:image\" content=\"https:\/\/www-qa.subsole.cl\/subsole\/wp-content\/uploads\/2022\/11\/subsolesocial2-1.jpg\" \/>\n\t<meta property=\"og:image:width\" content=\"1024\" \/>\n\t<meta property=\"og:image:height\" content=\"819\" \/>\n\t<meta property=\"og:image:type\" content=\"image\/jpeg\" \/>\n<meta name=\"twitter:card\" content=\"summary_large_image\" \/>\n<meta name=\"twitter:image\" content=\"https:\/\/www-qa.subsole.cl\/subsole\/wp-content\/uploads\/2022\/11\/subsolesocial2-1.jpg\" \/>\n<script type=\"application\/ld+json\" class=\"yoast-schema-graph\">{\"@context\":\"https:\\\/\\\/schema.org\",\"@graph\":[{\"@type\":\"WebPage\",\"@id\":\"https:\\\/\\\/www-qa.subsole.cl\\\/\",\"url\":\"https:\\\/\\\/www-qa.subsole.cl\\\/\",\"name\":\"Subsole - A Frutura Company - The Future of Fruit\u00ae &#8212; Subsole\",\"isPartOf\":{\"@id\":\"https:\\\/\\\/www-qa.subsole.cl\\\/#website\"},\"datePublished\":\"2022-01-10T12:26:44+00:00\",\"dateModified\":\"2026-03-30T21:42:14+00:00\",\"description\":\"Headquartered in Santiago, Subsole is one of Chile\u2019s largest and most iconic fruit exporters and the largest Chilean exporter of table grapes to global markets. Subsole also has significant programs in citrus, avocados, kiwis, cherries and pomegranates.\",\"breadcrumb\":{\"@id\":\"https:\\\/\\\/www-qa.subsole.cl\\\/#breadcrumb\"},\"inLanguage\":\"es\",\"potentialAction\":[{\"@type\":\"ReadAction\",\"target\":[\"https:\\\/\\\/www-qa.subsole.cl\\\/\"]}]},{\"@type\":\"BreadcrumbList\",\"@id\":\"https:\\\/\\\/www-qa.subsole.cl\\\/#breadcrumb\",\"itemListElement\":[{\"@type\":\"ListItem\",\"position\":1,\"name\":\"Portada\",\"item\":\"https:\\\/\\\/www-qa.subsole.cl\\\/\"},{\"@type\":\"ListItem\",\"position\":2,\"name\":\"Subsole &#8211; A Frutura Company &#8211; The Future of Fruit\u00ae\"}]},{\"@type\":\"WebSite\",\"@id\":\"https:\\\/\\\/www-qa.subsole.cl\\\/#website\",\"url\":\"https:\\\/\\\/www-qa.subsole.cl\\\/\",\"name\":\"Subsole\",\"description\":\"Exportando la agricultura del futuro\",\"publisher\":{\"@id\":\"https:\\\/\\\/www-qa.subsole.cl\\\/#organization\"},\"potentialAction\":[{\"@type\":\"SearchAction\",\"target\":{\"@type\":\"EntryPoint\",\"urlTemplate\":\"https:\\\/\\\/www-qa.subsole.cl\\\/?s={search_term_string}\"},\"query-input\":{\"@type\":\"PropertyValueSpecification\",\"valueRequired\":true,\"valueName\":\"search_term_string\"}}],\"inLanguage\":\"es\"},{\"@type\":\"Organization\",\"@id\":\"https:\\\/\\\/www-qa.subsole.cl\\\/#organization\",\"name\":\"Subsole\",\"url\":\"https:\\\/\\\/www-qa.subsole.cl\\\/\",\"logo\":{\"@type\":\"ImageObject\",\"inLanguage\":\"es\",\"@id\":\"https:\\\/\\\/www-qa.subsole.cl\\\/#\\\/schema\\\/logo\\\/image\\\/\",\"url\":\"https:\\\/\\\/www-qa.subsole.cl\\\/subsole\\\/wp-content\\\/uploads\\\/2022\\\/06\\\/logo-subsole.png\",\"contentUrl\":\"https:\\\/\\\/www-qa.subsole.cl\\\/subsole\\\/wp-content\\\/uploads\\\/2022\\\/06\\\/logo-subsole.png\",\"width\":302,\"height\":54,\"caption\":\"Subsole\"},\"image\":{\"@id\":\"https:\\\/\\\/www-qa.subsole.cl\\\/#\\\/schema\\\/logo\\\/image\\\/\"}}]}<\/script>\n<!-- \/ Yoast SEO plugin. -->","yoast_head_json":{"title":"Subsole - A Frutura Company - The Future of Fruit\u00ae &#8212; Subsole","description":"Con sede en Santiago, Subsole es uno de las exportadoras de frutas m\u00e1s grandes e ic\u00f3nicas de Chile, y el mayor exportador chileno de uvas de mesa para los mercados globales. Subsole tambi\u00e9n tiene importantes programas en c\u00edtricos, aguacates, kiwis, cerezas y granadas.","robots":{"index":"noindex","follow":"follow","max-snippet":"max-snippet:-1","max-image-preview":"max-image-preview:large","max-video-preview":"max-video-preview:-1"},"og_locale":"es_ES","og_type":"article","og_title":"Subsole - A Frutura Company - The Future of Fruit\u00ae &#8212; Subsole","og_description":"Con sede en Santiago, Subsole es uno de las exportadoras de frutas m\u00e1s grandes e ic\u00f3nicas de Chile, y el mayor exportador chileno de uvas de mesa para los mercados globales. Subsole tambi\u00e9n tiene importantes programas en c\u00edtricos, aguacates, kiwis, cerezas y granadas.","og_url":"https:\/\/www-qa.subsole.cl\/","og_site_name":"Subsole","article_modified_time":"2026-03-30T21:42:14+00:00","og_image":[{"width":1024,"height":819,"url":"https:\/\/www-qa.subsole.cl\/subsole\/wp-content\/uploads\/2022\/11\/subsolesocial2-1.jpg","type":"image\/jpeg"}],"twitter_card":"summary_large_image","twitter_image":"https:\/\/www-qa.subsole.cl\/subsole\/wp-content\/uploads\/2022\/11\/subsolesocial2-1.jpg","schema":{"@context":"https:\/\/schema.org","@graph":[{"@type":"WebPage","@id":"https:\/\/www-qa.subsole.cl\/","url":"https:\/\/www-qa.subsole.cl\/","name":"Subsole - A Frutura Company - The Future of Fruit\u00ae &#8212; Subsole","isPartOf":{"@id":"https:\/\/www-qa.subsole.cl\/#website"},"datePublished":"2022-01-10T12:26:44+00:00","dateModified":"2026-03-30T21:42:14+00:00","description":"Headquartered in Santiago, Subsole is one of Chile\u2019s largest and most iconic fruit exporters and the largest Chilean exporter of table grapes to global markets. Subsole also has significant programs in citrus, avocados, kiwis, cherries and pomegranates.","breadcrumb":{"@id":"https:\/\/www-qa.subsole.cl\/#breadcrumb"},"inLanguage":"es","potentialAction":[{"@type":"ReadAction","target":["https:\/\/www-qa.subsole.cl\/"]}]},{"@type":"BreadcrumbList","@id":"https:\/\/www-qa.subsole.cl\/#breadcrumb","itemListElement":[{"@type":"ListItem","position":1,"name":"Portada","item":"https:\/\/www-qa.subsole.cl\/"},{"@type":"ListItem","position":2,"name":"Subsole &#8211; A Frutura Company &#8211; The Future of Fruit\u00ae"}]},{"@type":"WebSite","@id":"https:\/\/www-qa.subsole.cl\/#website","url":"https:\/\/www-qa.subsole.cl\/","name":"Subsole","description":"Exportando la agricultura del futuro","publisher":{"@id":"https:\/\/www-qa.subsole.cl\/#organization"},"potentialAction":[{"@type":"SearchAction","target":{"@type":"EntryPoint","urlTemplate":"https:\/\/www-qa.subsole.cl\/?s={search_term_string}"},"query-input":{"@type":"PropertyValueSpecification","valueRequired":true,"valueName":"search_term_string"}}],"inLanguage":"es"},{"@type":"Organization","@id":"https:\/\/www-qa.subsole.cl\/#organization","name":"Subsole","url":"https:\/\/www-qa.subsole.cl\/","logo":{"@type":"ImageObject","inLanguage":"es","@id":"https:\/\/www-qa.subsole.cl\/#\/schema\/logo\/image\/","url":"https:\/\/www-qa.subsole.cl\/subsole\/wp-content\/uploads\/2022\/06\/logo-subsole.png","contentUrl":"https:\/\/www-qa.subsole.cl\/subsole\/wp-content\/uploads\/2022\/06\/logo-subsole.png","width":302,"height":54,"caption":"Subsole"},"image":{"@id":"https:\/\/www-qa.subsole.cl\/#\/schema\/logo\/image\/"}}]}},"_links":{"self":[{"href":"https:\/\/www-qa.subsole.cl\/es\/wp-json\/wp\/v2\/pages\/5","targetHints":{"allow":["GET"]}}],"collection":[{"href":"https:\/\/www-qa.subsole.cl\/es\/wp-json\/wp\/v2\/pages"}],"about":[{"href":"https:\/\/www-qa.subsole.cl\/es\/wp-json\/wp\/v2\/types\/page"}],"author":[{"embeddable":true,"href":"https:\/\/www-qa.subsole.cl\/es\/wp-json\/wp\/v2\/users\/1"}],"replies":[{"embeddable":true,"href":"https:\/\/www-qa.subsole.cl\/es\/wp-json\/wp\/v2\/comments?post=5"}],"version-history":[{"count":608,"href":"https:\/\/www-qa.subsole.cl\/es\/wp-json\/wp\/v2\/pages\/5\/revisions"}],"predecessor-version":[{"id":6833,"href":"https:\/\/www-qa.subsole.cl\/es\/wp-json\/wp\/v2\/pages\/5\/revisions\/6833"}],"wp:attachment":[{"href":"https:\/\/www-qa.subsole.cl\/es\/wp-json\/wp\/v2\/media?parent=5"}],"curies":[{"name":"wp","href":"https:\/\/api.w.org\/{rel}","templated":true}]}}